{"id":383,"date":"2022-11-22T17:49:38","date_gmt":"2022-11-22T17:49:38","guid":{"rendered":"https:\/\/lebeaugazondeneigement.com\/?page_id=383"},"modified":"2024-09-14T22:14:08","modified_gmt":"2024-09-14T22:14:08","slug":"client","status":"publish","type":"page","link":"https:\/\/lebeaugazondeneigement.com\/?page_id=383","title":{"rendered":"CLIENT"},"content":{"rendered":"\n<p class=\"has-black-color has-text-color\"><a rel=\"noreferrer noopener\" href=\"http:\/\/portail.lebeaugd.com\/\" target=\"_blank\"><mark style=\"background-color:rgba(0, 0, 0, 0)\" class=\"has-inline-color has-vivid-cyan-blue-color\">Portail Web<\/mark><\/a> pour les clients.<\/p>\n\n\n\n<p class=\"has-vivid-cyan-blue-color has-text-color\"><a rel=\"noreferrer noopener\" href=\"http:\/\/paiement.lebeaugd.com\/\" target=\"_blank\"><mark style=\"background-color:rgba(0, 0, 0, 0)\" class=\"has-inline-color has-vivid-cyan-blue-color\">Payer une facture\/contrat.<\/mark><\/a><\/p>\n\n\n\n<p class=\"has-vivid-cyan-blue-color has-text-color\"><a rel=\"noreferrer noopener\" href=\"http:\/\/soumission.lebeaugd.com\/\" target=\"_blank\"><mark style=\"background-color:rgba(0, 0, 0, 0)\" class=\"has-inline-color has-vivid-cyan-blue-color\">Accepter une soumission\/contrat.<\/mark><\/a><\/p>\n\n\n\n<p class=\"has-vivid-cyan-blue-color has-text-color\"><a rel=\"noreferrer noopener\" href=\"http:\/\/profil.lebeaugd.com\/\" target=\"_blank\"><mark style=\"background-color:rgba(0, 0, 0, 0)\" class=\"has-inline-color has-vivid-cyan-blue-color\">Acc\u00e9der \u00e0 votre profil de client.<\/mark><\/a><\/p>\n\n\n\n<p>Vous devez avoir en main votre num\u00e9ro de client ou de document (soumission, contrat, facture).<\/p>\n","protected":false},"excerpt":{"rendered":"<p>Portail Web pour les clients. Payer une facture\/contrat. Accepter une soumission\/contrat. Acc\u00e9der \u00e0 votre profil de client. Vous devez avoir en main votre num\u00e9ro de client ou de document (soumission, contrat, facture).<\/p>\n","protected":false},"author":2,"featured_media":0,"parent":0,"menu_order":0,"comment_status":"closed","ping_status":"closed","template":"","meta":{"footnotes":""},"class_list":["post-383","page","type-page","status-publish","hentry"],"jetpack_sharing_enabled":true,"_links":{"self":[{"href":"https:\/\/lebeaugazondeneigement.com\/index.php?rest_route=\/wp\/v2\/pages\/383","targetHints":{"allow":["GET"]}}],"collection":[{"href":"https:\/\/lebeaugazondeneigement.com\/index.php?rest_route=\/wp\/v2\/pages"}],"about":[{"href":"https:\/\/lebeaugazondeneigement.com\/index.php?rest_route=\/wp\/v2\/types\/page"}],"author":[{"embeddable":true,"href":"https:\/\/lebeaugazondeneigement.com\/index.php?rest_route=\/wp\/v2\/users\/2"}],"replies":[{"embeddable":true,"href":"https:\/\/lebeaugazondeneigement.com\/index.php?rest_route=%2Fwp%2Fv2%2Fcomments&post=383"}],"version-history":[{"count":8,"href":"https:\/\/lebeaugazondeneigement.com\/index.php?rest_route=\/wp\/v2\/pages\/383\/revisions"}],"predecessor-version":[{"id":1090,"href":"https:\/\/lebeaugazondeneigement.com\/index.php?rest_route=\/wp\/v2\/pages\/383\/revisions\/1090"}],"wp:attachment":[{"href":"https:\/\/lebeaugazondeneigement.com\/index.php?rest_route=%2Fwp%2Fv2%2Fmedia&parent=383"}],"curies":[{"name":"wp","href":"https:\/\/api.w.org\/{rel}","templated":true}]}}