{"id":112,"date":"2013-03-09T22:16:55","date_gmt":"2013-03-09T22:16:55","guid":{"rendered":"https:\/\/lebeaugazondeneigement.com\/?page_id=112"},"modified":"2013-05-04T21:33:49","modified_gmt":"2013-05-04T21:33:49","slug":"deneigement","status":"publish","type":"page","link":"https:\/\/lebeaugazondeneigement.com\/?page_id=112","title":{"rendered":"D\u00c9NEIGEMENT"},"content":{"rendered":"<p><span style=\"color: #000000;\"><a href=\"https:\/\/lebeaugazondeneigement.com\/wp-content\/uploads\/2013\/03\/tracteursssss.jpg\"><img loading=\"lazy\" decoding=\"async\" class=\"alignleft size-medium wp-image-113\" alt=\"tracteursssss\" src=\"https:\/\/lebeaugazondeneigement.com\/wp-content\/uploads\/2013\/03\/tracteursssss-300x225.jpg\" width=\"300\" height=\"225\" srcset=\"https:\/\/lebeaugazondeneigement.com\/wp-content\/uploads\/2013\/03\/tracteursssss-300x225.jpg 300w, https:\/\/lebeaugazondeneigement.com\/wp-content\/uploads\/2013\/03\/tracteursssss-1024x768.jpg 1024w, https:\/\/lebeaugazondeneigement.com\/wp-content\/uploads\/2013\/03\/tracteursssss-200x150.jpg 200w, https:\/\/lebeaugazondeneigement.com\/wp-content\/uploads\/2013\/03\/tracteursssss.jpg 2048w\" sizes=\"auto, (max-width: 300px) 100vw, 300px\" \/><\/a><\/span><\/p>\n<h2><b>Pour mieux profiter de l\u2019hiver, optez pour le meilleur service de d\u00e9neigement sur la rive sud.\u00a0 LeBeau Gazon et D\u00e9neigement vous offre un service de d\u00e9neigement rapide, efficace et abordable.<\/b><\/h2>\n<p>&nbsp;<\/p>\n<p><b>Gr\u00e2ce \u00e0 son \u00e9quipe exp\u00e9riment\u00e9e et sa flotte de plus de 10 tracteurs, LeBeau Gazon et D\u00e9neigement vous assure un service de d\u00e9neigement r\u00e9sidentiel de qualit\u00e9.<\/b><\/p>\n<p>&nbsp;<\/p>\n<ul>\n<li><b>D\u00e9neigement avant 7h le matin;<\/b><\/li>\n<li><b>Contrema\u00eetre effectuant la surveillance de votre entr\u00e9e pour qu\u2019elle soit libre d\u2019acc\u00e8s en tout temps;<\/b><\/li>\n<li><b>V\u00e9hicules de remplacement disponibles pour \u00e9viter tout retard caus\u00e9 par un bris de machinerie potentiel;<\/b><\/li>\n<li><b>Les balises utilis\u00e9es par LeBeau Gazon et D\u00e9neigement sont uniques en leur genre, vertes avec bandes r\u00e9fl\u00e9chissantes jaunes, visibles de jour comme de nuit, con\u00e7ues d\u2019un mat\u00e9riau flexible et r\u00e9sistant, elles vous assurent une s\u00e9curit\u00e9 maximale\u00a0 pour vos enfants, vos v\u00e9hicules et votre am\u00e9nagement paysager.<\/b><\/li>\n<li><b>L\u2019installation de ces balises se fait \u00e0 la mi-octobre et nous les enlevons \u00e0 la mi-avril.<\/b><\/li>\n<\/ul>\n<p><a href=\"https:\/\/lebeaugazondeneigement.com\/wp-content\/uploads\/2013\/03\/IMG_2836.jpeg\"><img loading=\"lazy\" decoding=\"async\" class=\"alignleft size-medium wp-image-144\" alt=\"IMG_2836\" src=\"https:\/\/lebeaugazondeneigement.com\/wp-content\/uploads\/2013\/03\/IMG_2836-300x225.jpeg\" width=\"300\" height=\"225\" srcset=\"https:\/\/lebeaugazondeneigement.com\/wp-content\/uploads\/2013\/03\/IMG_2836-300x225.jpeg 300w, https:\/\/lebeaugazondeneigement.com\/wp-content\/uploads\/2013\/03\/IMG_2836-1024x768.jpeg 1024w, https:\/\/lebeaugazondeneigement.com\/wp-content\/uploads\/2013\/03\/IMG_2836-200x150.jpeg 200w, https:\/\/lebeaugazondeneigement.com\/wp-content\/uploads\/2013\/03\/IMG_2836.jpeg 1600w\" sizes=\"auto, (max-width: 300px) 100vw, 300px\" \/><\/a><a href=\"https:\/\/lebeaugazondeneigement.com\/wp-content\/uploads\/2013\/03\/IMG_6953.jpeg\"><img loading=\"lazy\" decoding=\"async\" class=\"alignright size-medium wp-image-149\" alt=\"IMG_6953\" src=\"https:\/\/lebeaugazondeneigement.com\/wp-content\/uploads\/2013\/03\/IMG_6953-300x225.jpeg\" width=\"300\" height=\"225\" srcset=\"https:\/\/lebeaugazondeneigement.com\/wp-content\/uploads\/2013\/03\/IMG_6953-300x225.jpeg 300w, https:\/\/lebeaugazondeneigement.com\/wp-content\/uploads\/2013\/03\/IMG_6953-1024x768.jpeg 1024w, https:\/\/lebeaugazondeneigement.com\/wp-content\/uploads\/2013\/03\/IMG_6953-200x150.jpeg 200w, https:\/\/lebeaugazondeneigement.com\/wp-content\/uploads\/2013\/03\/IMG_6953.jpeg 1280w\" sizes=\"auto, (max-width: 300px) 100vw, 300px\" \/><\/a><a href=\"https:\/\/lebeaugazondeneigement.com\/wp-content\/uploads\/2013\/03\/photokhlk.jpg\"><img loading=\"lazy\" decoding=\"async\" class=\"alignnone size-medium wp-image-205\" alt=\"photokhlk\" src=\"https:\/\/lebeaugazondeneigement.com\/wp-content\/uploads\/2013\/03\/photokhlk-300x225.jpg\" width=\"300\" height=\"225\" srcset=\"https:\/\/lebeaugazondeneigement.com\/wp-content\/uploads\/2013\/03\/photokhlk-300x225.jpg 300w, https:\/\/lebeaugazondeneigement.com\/wp-content\/uploads\/2013\/03\/photokhlk-1024x768.jpg 1024w, https:\/\/lebeaugazondeneigement.com\/wp-content\/uploads\/2013\/03\/photokhlk-200x150.jpg 200w\" sizes=\"auto, (max-width: 300px) 100vw, 300px\" \/><\/a><\/p>\n","protected":false},"excerpt":{"rendered":"<p>Pour mieux profiter de l\u2019hiver, optez pour le meilleur service de d\u00e9neigement sur la rive sud.\u00a0 LeBeau Gazon et D\u00e9neigement vous offre un service de d\u00e9neigement rapide, efficace et abordable. &nbsp; Gr\u00e2ce \u00e0 son \u00e9quipe exp\u00e9riment\u00e9e et sa flotte de plus de 10 tracteurs, LeBeau Gazon et D\u00e9neigement vous assure \u2026 <a class=\"continue-reading-link\" href=\"https:\/\/lebeaugazondeneigement.com\/?page_id=112\"> Continue reading <span class=\"meta-nav\">&rarr; <\/span><\/a><\/p>\n","protected":false},"author":1,"featured_media":0,"parent":0,"menu_order":0,"comment_status":"closed","ping_status":"closed","template":"","meta":{"footnotes":""},"class_list":["post-112","page","type-page","status-publish","hentry"],"jetpack_sharing_enabled":true,"_links":{"self":[{"href":"https:\/\/lebeaugazondeneigement.com\/index.php?rest_route=\/wp\/v2\/pages\/112","targetHints":{"allow":["GET"]}}],"collection":[{"href":"https:\/\/lebeaugazondeneigement.com\/index.php?rest_route=\/wp\/v2\/pages"}],"about":[{"href":"https:\/\/lebeaugazondeneigement.com\/index.php?rest_route=\/wp\/v2\/types\/page"}],"author":[{"embeddable":true,"href":"https:\/\/lebeaugazondeneigement.com\/index.php?rest_route=\/wp\/v2\/users\/1"}],"replies":[{"embeddable":true,"href":"https:\/\/lebeaugazondeneigement.com\/index.php?rest_route=%2Fwp%2Fv2%2Fcomments&post=112"}],"version-history":[{"count":22,"href":"https:\/\/lebeaugazondeneigement.com\/index.php?rest_route=\/wp\/v2\/pages\/112\/revisions"}],"predecessor-version":[{"id":213,"href":"https:\/\/lebeaugazondeneigement.com\/index.php?rest_route=\/wp\/v2\/pages\/112\/revisions\/213"}],"wp:attachment":[{"href":"https:\/\/lebeaugazondeneigement.com\/index.php?rest_route=%2Fwp%2Fv2%2Fmedia&parent=112"}],"curies":[{"name":"wp","href":"https:\/\/api.w.org\/{rel}","templated":true}]}}