{"id":100,"date":"2013-03-09T21:50:41","date_gmt":"2013-03-09T21:50:41","guid":{"rendered":"https:\/\/lebeaugazondeneigement.com\/?page_id=100"},"modified":"2013-05-04T18:24:04","modified_gmt":"2013-05-04T18:24:04","slug":"entretien-paysager","status":"publish","type":"page","link":"https:\/\/lebeaugazondeneigement.com\/?page_id=100","title":{"rendered":"ENTRETIEN PAYSAGER"},"content":{"rendered":"<h2><b>D\u00e9chaumage et nettoyage printanier<a href=\"https:\/\/lebeaugazondeneigement.com\/wp-content\/uploads\/2013\/03\/d\u00e9chaumage.png\"><img loading=\"lazy\" decoding=\"async\" class=\"alignright size-full wp-image-127\" alt=\"d\u00e9chaumage\" src=\"https:\/\/lebeaugazondeneigement.com\/wp-content\/uploads\/2013\/03\/d\u00e9chaumage.png\" width=\"192\" height=\"120\" \/><\/a><\/b><\/h2>\n<p><b>Le d\u00e9chaumage et le nettoyage printanier sont des op\u00e9rations essentielles d\u00e8s la fonte compl\u00e8te\u00a0 des neiges afin de revigorer votre pelouse pour la saison estivale.\u00a0 LeBeau Gazon et D\u00e9neigement effectuera ces travaux \u00e0 l\u2019aide d\u2019\u00e9quipements sp\u00e9cialis\u00e9s.<\/b><\/p>\n<p><b><i>\u00a0<\/i><\/b><\/p>\n<h2><b>Tonte de pelouse<\/b><\/h2>\n<p><b>Notre personnel qualifi\u00e9 s\u2019occupera de l\u2019entretien r\u00e9gulier de votre pelouse de fa\u00e7on respectueuse et impeccable.\u00a0 Tonte, d\u00e9coupage, nettoyage du terrain, ramassage des r\u00e9sidus de gazon seront effectu\u00e9s \u00e0 chaque visite.<\/b><\/p>\n<p><b><i><a href=\"https:\/\/lebeaugazondeneigement.com\/wp-content\/uploads\/2012\/10\/tondeuse2.jpg\"><img loading=\"lazy\" decoding=\"async\" class=\"alignleft size-medium wp-image-21\" alt=\"tondeuse\" src=\"https:\/\/lebeaugazondeneigement.com\/wp-content\/uploads\/2012\/10\/tondeuse2-300x151.jpg\" width=\"300\" height=\"151\" srcset=\"https:\/\/lebeaugazondeneigement.com\/wp-content\/uploads\/2012\/10\/tondeuse2-300x151.jpg 300w, https:\/\/lebeaugazondeneigement.com\/wp-content\/uploads\/2012\/10\/tondeuse2-250x126.jpg 250w, https:\/\/lebeaugazondeneigement.com\/wp-content\/uploads\/2012\/10\/tondeuse2.jpg 950w\" sizes=\"auto, (max-width: 300px) 100vw, 300px\" \/><\/a><a href=\"https:\/\/lebeaugazondeneigement.com\/wp-content\/uploads\/2012\/10\/Photo-Tonte-Tracteur1.jpg\"><img loading=\"lazy\" decoding=\"async\" class=\"alignnone size-medium wp-image-23\" alt=\"Photo Tonte- Tracteur\" src=\"https:\/\/lebeaugazondeneigement.com\/wp-content\/uploads\/2012\/10\/Photo-Tonte-Tracteur1-300x225.jpg\" width=\"300\" height=\"225\" srcset=\"https:\/\/lebeaugazondeneigement.com\/wp-content\/uploads\/2012\/10\/Photo-Tonte-Tracteur1-300x225.jpg 300w, https:\/\/lebeaugazondeneigement.com\/wp-content\/uploads\/2012\/10\/Photo-Tonte-Tracteur1-1024x768.jpg 1024w, https:\/\/lebeaugazondeneigement.com\/wp-content\/uploads\/2012\/10\/Photo-Tonte-Tracteur1-200x150.jpg 200w, https:\/\/lebeaugazondeneigement.com\/wp-content\/uploads\/2012\/10\/Photo-Tonte-Tracteur1.jpg 1600w\" sizes=\"auto, (max-width: 300px) 100vw, 300px\" \/><\/a>\u00a0<\/i><\/b><\/p>\n<h2><\/h2>\n<h2><\/h2>\n<h2><b>A\u00e9ration<\/b><\/h2>\n<p><b>Appel\u00e9e souvent\u00a0 \u2018\u2019carottage\u2019\u2019, l\u2019a\u00e9ration de votre pelouse favorise l\u2019oxyg\u00e9nation du sol, l\u2019absorption de l\u2019eau et des engrais. Il s\u2019agit d\u2019une autre op\u00e9ration n\u00e9cessaire \u00e0 la qualit\u00e9 de votre gazon.<\/b><\/p>\n<p><a href=\"https:\/\/lebeaugazondeneigement.com\/wp-content\/uploads\/2013\/03\/a\u00e9ration.png\"><img loading=\"lazy\" decoding=\"async\" class=\"alignleft size-full wp-image-128\" alt=\"a\u00e9ration\" src=\"https:\/\/lebeaugazondeneigement.com\/wp-content\/uploads\/2013\/03\/a\u00e9ration.png\" width=\"255\" height=\"197\" srcset=\"https:\/\/lebeaugazondeneigement.com\/wp-content\/uploads\/2013\/03\/a\u00e9ration.png 255w, https:\/\/lebeaugazondeneigement.com\/wp-content\/uploads\/2013\/03\/a\u00e9ration-194x150.png 194w\" sizes=\"auto, (max-width: 255px) 100vw, 255px\" \/><\/a><a href=\"https:\/\/lebeaugazondeneigement.com\/wp-content\/uploads\/2013\/03\/a\u00e9ration2.png\"><img loading=\"lazy\" decoding=\"async\" class=\"alignnone size-full wp-image-129\" alt=\"a\u00e9ration2\" src=\"https:\/\/lebeaugazondeneigement.com\/wp-content\/uploads\/2013\/03\/a\u00e9ration2.png\" width=\"275\" height=\"183\" srcset=\"https:\/\/lebeaugazondeneigement.com\/wp-content\/uploads\/2013\/03\/a\u00e9ration2.png 275w, https:\/\/lebeaugazondeneigement.com\/wp-content\/uploads\/2013\/03\/a\u00e9ration2-225x150.png 225w\" sizes=\"auto, (max-width: 275px) 100vw, 275px\" \/><\/a><\/p>\n<p><b><i>\u00a0<\/i><\/b><\/p>\n<h2><b>Fertilisation<a href=\"https:\/\/lebeaugazondeneigement.com\/wp-content\/uploads\/2013\/03\/fertilisation.png\"><img loading=\"lazy\" decoding=\"async\" class=\"alignright size-full wp-image-130\" alt=\"fertilisation\" src=\"https:\/\/lebeaugazondeneigement.com\/wp-content\/uploads\/2013\/03\/fertilisation.png\" width=\"225\" height=\"225\" srcset=\"https:\/\/lebeaugazondeneigement.com\/wp-content\/uploads\/2013\/03\/fertilisation.png 225w, https:\/\/lebeaugazondeneigement.com\/wp-content\/uploads\/2013\/03\/fertilisation-150x150.png 150w\" sizes=\"auto, (max-width: 225px) 100vw, 225px\" \/><\/a><\/b><\/h2>\n<p><b>Afin d\u2019assurer \u00e0 votre pelouse force et vitalit\u00e9 tout en respectant l\u2019environnement, LeBeau Gazon et D\u00e9neigement vous offre des traitements efficaces et \u00e9cologiques tout au long de la saison.<\/b><\/p>\n<ul>\n<li><b>Mai -juin\u00a0: Premi\u00e8re application d\u2019engrais granulaire pour fortification<\/b><\/li>\n<li><b>Juin \u2013juillet\u00a0: Deuxi\u00e8me application d\u2019engrais granulaire et contr\u00f4le des mauvaises herbes<\/b><\/li>\n<li><b>Juillet \u2013ao\u00fbt\u00a0: Troisi\u00e8me application d\u2019engrais granulaire et contr\u00f4le des insectes \u00a0d\u00e9vastateurs s\u2019il y a lieu<\/b><\/li>\n<li><b>Ao\u00fbt \u2013 septembre\u00a0: Derni\u00e8re application d\u2019engrais pr\u00e9-hivernaux.<\/b><\/li>\n<\/ul>\n<h2 style=\"text-align: left;\"><\/h2>\n<h2 style=\"text-align: left;\"><strong>Ramassage des feuilles \u00e0 l\u2019automne<\/strong><\/h2>\n<p style=\"text-align: left;\"><strong>Notre \u00e9quipe vous assure un nettoyage complet des feuilles d\u2019automne. Nous effectuons une visite entre le 15 octobre et le 1er novembre, suivi d\u2019une visite finale entre le 1er novembre et le 30 novembre. Votre terrain sera propre et pr\u00eat pour la saison hivernale.<\/strong><\/p>\n<p style=\"text-align: left;\"><a href=\"https:\/\/lebeaugazondeneigement.com\/wp-content\/uploads\/2012\/10\/Photo-Ramassage-de-feuiles.jpg\"><img loading=\"lazy\" decoding=\"async\" class=\"alignleft size-medium wp-image-13\" alt=\"Photo Ramassage de feuiles\" src=\"https:\/\/lebeaugazondeneigement.com\/wp-content\/uploads\/2012\/10\/Photo-Ramassage-de-feuiles-300x225.jpg\" width=\"300\" height=\"225\" srcset=\"https:\/\/lebeaugazondeneigement.com\/wp-content\/uploads\/2012\/10\/Photo-Ramassage-de-feuiles-300x225.jpg 300w, https:\/\/lebeaugazondeneigement.com\/wp-content\/uploads\/2012\/10\/Photo-Ramassage-de-feuiles-1024x768.jpg 1024w, https:\/\/lebeaugazondeneigement.com\/wp-content\/uploads\/2012\/10\/Photo-Ramassage-de-feuiles.jpg 1600w\" sizes=\"auto, (max-width: 300px) 100vw, 300px\" \/><\/a><\/p>\n","protected":false},"excerpt":{"rendered":"<p>D\u00e9chaumage et nettoyage printanier Le d\u00e9chaumage et le nettoyage printanier sont des op\u00e9rations essentielles d\u00e8s la fonte compl\u00e8te\u00a0 des neiges afin de revigorer votre pelouse pour la saison estivale.\u00a0 LeBeau Gazon et D\u00e9neigement effectuera ces travaux \u00e0 l\u2019aide d\u2019\u00e9quipements sp\u00e9cialis\u00e9s. \u00a0 Tonte de pelouse Notre personnel qualifi\u00e9 s\u2019occupera de l\u2019entretien \u2026 <a class=\"continue-reading-link\" href=\"https:\/\/lebeaugazondeneigement.com\/?page_id=100\"> Continue reading <span class=\"meta-nav\">&rarr; <\/span><\/a><\/p>\n","protected":false},"author":1,"featured_media":0,"parent":0,"menu_order":0,"comment_status":"closed","ping_status":"closed","template":"","meta":{"footnotes":""},"class_list":["post-100","page","type-page","status-publish","hentry"],"jetpack_sharing_enabled":true,"_links":{"self":[{"href":"https:\/\/lebeaugazondeneigement.com\/index.php?rest_route=\/wp\/v2\/pages\/100","targetHints":{"allow":["GET"]}}],"collection":[{"href":"https:\/\/lebeaugazondeneigement.com\/index.php?rest_route=\/wp\/v2\/pages"}],"about":[{"href":"https:\/\/lebeaugazondeneigement.com\/index.php?rest_route=\/wp\/v2\/types\/page"}],"author":[{"embeddable":true,"href":"https:\/\/lebeaugazondeneigement.com\/index.php?rest_route=\/wp\/v2\/users\/1"}],"replies":[{"embeddable":true,"href":"https:\/\/lebeaugazondeneigement.com\/index.php?rest_route=%2Fwp%2Fv2%2Fcomments&post=100"}],"version-history":[{"count":43,"href":"https:\/\/lebeaugazondeneigement.com\/index.php?rest_route=\/wp\/v2\/pages\/100\/revisions"}],"predecessor-version":[{"id":202,"href":"https:\/\/lebeaugazondeneigement.com\/index.php?rest_route=\/wp\/v2\/pages\/100\/revisions\/202"}],"wp:attachment":[{"href":"https:\/\/lebeaugazondeneigement.com\/index.php?rest_route=%2Fwp%2Fv2%2Fmedia&parent=100"}],"curies":[{"name":"wp","href":"https:\/\/api.w.org\/{rel}","templated":true}]}}